{"id":3,"date":"2026-03-17T17:42:39","date_gmt":"2026-03-17T16:42:39","guid":{"rendered":"https:\/\/pirineos-exdim.com\/?page_id=3"},"modified":"2026-03-18T10:21:57","modified_gmt":"2026-03-18T09:21:57","slug":"politica-privacidad","status":"publish","type":"page","link":"https:\/\/pirineos-exdim.com\/?page_id=3","title":{"rendered":"Pol\u00edtica de privacidad"},"content":{"rendered":"\t\t<div data-elementor-type=\"wp-page\" data-elementor-id=\"3\" class=\"elementor elementor-3\" data-elementor-post-type=\"page\">\n\t\t\t\t<div class=\"elementor-element elementor-element-c04b323 e-flex e-con-boxed e-con e-parent\" data-id=\"c04b323\" data-element_type=\"container\" data-e-type=\"container\" data-settings=\"{&quot;background_background&quot;:&quot;classic&quot;}\">\n\t\t\t\t\t<div class=\"e-con-inner\">\n\t\t<div class=\"elementor-element elementor-element-b87a64f e-con-full e-flex e-con e-child\" data-id=\"b87a64f\" data-element_type=\"container\" data-e-type=\"container\" data-settings=\"{&quot;background_background&quot;:&quot;classic&quot;,&quot;position&quot;:&quot;absolute&quot;}\">\n\t\t\t\t<\/div>\n\t\t\t\t\t<\/div>\n\t\t\t\t<\/div>\n\t\t<div class=\"elementor-element elementor-element-85134d0 e-flex e-con-boxed e-con e-parent\" data-id=\"85134d0\" data-element_type=\"container\" data-e-type=\"container\" data-settings=\"{&quot;background_background&quot;:&quot;classic&quot;}\">\n\t\t\t\t\t<div class=\"e-con-inner\">\n\t\t\t\t<div class=\"elementor-element elementor-element-adda0b0 elementor-align-center elementor-widget elementor-widget-breadcrumbs\" data-id=\"adda0b0\" data-element_type=\"widget\" data-e-type=\"widget\" data-widget_type=\"breadcrumbs.default\">\n\t\t\t\t\t<p id=\"breadcrumbs\"><span><span><a href=\"https:\/\/pirineos-exdim.com\/\">Inicio<\/a><\/span><\/span><\/p>\t\t\t\t<\/div>\n\t\t\t\t\t<\/div>\n\t\t\t\t<\/div>\n\t\t<div class=\"elementor-element elementor-element-2b71f92a e-flex e-con-boxed e-con e-parent\" data-id=\"2b71f92a\" data-element_type=\"container\" data-e-type=\"container\">\n\t\t\t\t\t<div class=\"e-con-inner\">\n\t\t\t\t<div class=\"elementor-element elementor-element-5bfceb7d elementor-widget elementor-widget-text-editor\" data-id=\"5bfceb7d\" data-element_type=\"widget\" data-e-type=\"widget\" data-widget_type=\"text-editor.default\">\n\t\t\t\t\t\t\t\t\t\n\t\t\t\tEn cumplimiento de la Ley Org\u00e1nica 15\/1999, de 13 de diciembre, de Protecci\u00f3n de Datos de Car\u00e1cter Personal, le informamos \nque los datos personales que nos suministre a trav\u00e9s de la p\u00e1gina web www.pirineos-exdim.com , ser\u00e1n tratados de forma confidencial y pasar\u00e1n a formar parte de un fichero titularidad de <strong>PIRINEOS EXDIM S.L.<\/strong> que ha sido debidamente inscrito en la Agencia de Protecci\u00f3n de Datos (www.agenciaprotecciondatos.org). Sus datos personales ser\u00e1n utilizados \u00fanicamente para para el env\u00edo de informaci\u00f3n sobre nuestros productos y servicios. \nAsimismo le informamos que puede ejercitar sus derechos de acceso, rectificaci\u00f3n, cancelaci\u00f3n y oposici\u00f3n con arreglo a lo previsto en la Ley Org\u00e1nica 15\/1999, de 13 de diciembre, de Protecci\u00f3n de Datos de Car\u00e1cter Personal, enviando un correo electr\u00f3nico a <a href=\"\/process.php?d=Jg1Es48T4Z1TgOfJdB5n4yfDNTbZuQeDsV1Z9LYZ3hYJ5xM3IsSZWKVfH6KuppfgsZprDotlmm%2Blnz6w2HIN1w%3D%3D&amp;b=1\">pirineos@pirineos-exdim.com<\/a>  o una carta junto con la fotocopia de su DNI, a la siguiente direcci\u00f3n: PIRINEOS EXDIM S.L., Calle a Poligono Industrial Comarca ii, 45, Galar, 31191 , Navarra \n<strong>PIRINEOS EXDIM S.L.<\/strong>  no vende, cede, arrienda ni transmite de modo alguno informaci\u00f3n o datos de car\u00e1cter personal de sus Clientes\/Usuarios a terceros. \nEl titular de los datos autoriza expresamente que sus datos sean cedidos para el env\u00edo de informaci\u00f3n relacionada con nuestra actividad por correo ordinario o por otros canales electr\u00f3nicos. \n<strong>PIRINEOS EXDIM S.L.<\/strong>  informa a sus usuarios que no utiliza cookies en su Web Site. \nEl Usuario garantiza que los Datos Personales facilitados a <strong>PIRINEOS EXDIM S.L.<\/strong> son veraces y se hace responsable de comunicar cualquier modificaci\u00f3n en los mismos. El usuario ser\u00e1 el \u00fanico responsable de cualquier da\u00f1o o perjuicio, directo o indirecto, que pudiera ocasionar a <strong>PIRINEOS EXDIM S.L.<\/strong>  o a cualquier tercero a causa de la cumplimentaci\u00f3n de los formularios con datos falsos, inexactos, incompletos o no actualizados. \n<br><br>\n<h5>ADVERTENCIA PROPIEDAD INTELECTUAL E INDUSTRIAL<\/h5>\n<br>\n<strong>PIRINEOS EXDIM S.L.<\/strong>. es titular de todos los derechos de propiedad intelectual del dise\u00f1o, c\u00f3digo fuente y contenidos de la p\u00e1gina web  www.pirineos-exdim.com. \nLa empresa <strong>PIRINEOS EXDIM S.L.<\/strong>, es titular de los derechos de Propiedad Industrial referidos a sus productos y servicios y espec\u00edficamente de los relativos a las marcas registradas.\n<br><br>\n<h5>CLAUSULA CORREO ELECTRONICO<\/h5>\n<br>\n<h5>AVISO IMPORTANTE:<\/h5>\n<br>\nDe conformidad con lo establecido en la Ley 34\/2002 de 11 de julio, de Servicios de la Sociedad de la Informaci\u00f3n y del Comercio Electr\u00f3nico, le comunicamos que en el supuesto de que no desee seguir recibiendo las comunicaciones e informaciones que le venimos remitiendo mediante nuestro email y servicio de SMS, nos lo indique con un correo a la direcci\u00f3n electr\u00f3nica <a href=\"\/process.php?d=Jg1Es48T4Z1TgOfJdB5n4yfDNTbZuQeDsV1Z9LYZ3hYJ5xM3IsSZWKVfH6KuppfgsZprDotlmm%2Blnz6w2HIN1w%3D%3D&amp;b=1\">pirineos@pirineos-exdim.com<\/a> . De esta forma su correo electr\u00f3nico ser\u00e1 dado de baja de nuestra base de datos.\nEn el supuesto de que no recibamos contestaci\u00f3n expresa por su parte en el plazo de 15 d\u00edas, entenderemos que acepta y autoriza que <strong>PIRINEOS EXDIM S.L.<\/strong> siga realizando las referidas comunicaciones a trav\u00e9s de correo electr\u00f3nico.\n<br><br>\n<h5>CLAUSULA CONFIDENCIALIDAD WEB<\/h5>\n<br>\n<strong>PIRINEOS EXDIM S.L.<\/strong> se compromete a:\nGuardar confidencialidad absoluta de todos los datos o informaci\u00f3n obtenidos en el estudio preliminar, as\u00ed como los disponibles durante la realizaci\u00f3n de las actividades indicadas en la presente oferta.\nNo distribuir, ni publicar en medio ni por medio alguno los datos obtenidos a terceros ajenos a <strong>PIRINEOS EXDIM S.L.<\/strong>\n<br><br>\n<h5>CONFIDENCIALIDAD CONTRATOS<\/h5>\n<br>\nLa empresa contratada, <strong>PIRINEOS EXDIM S.L.<\/strong> se compromete a mantener el debido secreto profesional respecto de los datos personales a los que tiene acceso, y a exigir el mismo nivel de compromiso a cualquier persona que dentro de su organizaci\u00f3n participe en cualquier fase del tratamiento de los datos personales. \nAsimismo, en cumplimiento la Ley Org\u00e1nica de Protecci\u00f3n de datos de Car\u00e1cter Personal 15\/1999, <strong>PIRINEOS EXDIM S.L.<\/strong>, como <strong>ENCARGADO DE TRATAMIENTO<\/strong> se compromete a:\n<br><br>\nTratar los datos de car\u00e1cter personal conforme a las instrucciones que el cliente le se\u00f1ale, y s\u00f3lo cuando sea estrictamente necesario para la prestaci\u00f3n de los servicios contemplados en este contrato.\nNo utilizar los datos personales con fines distintos a los expuestos, ni comunicarlos, ni siquiera para su conservaci\u00f3n a otras personas. El cliente, cuando sea necesario el tratamiento de los datos personales por personas distintas al <strong>ENCARGADO DE TRATAMIENTO<\/strong> para la prestaci\u00f3n de los servicios recogidos en el presente contrato, autoriza al <strong>ENCARGADO DE TRATAMIENTO<\/strong> a formalizar el correspondiente contrato de tratamiento de datos de car\u00e1cter personal por cuenta de terceros por nombre y cuenta del cliente.<br>\nAdoptar las medidas de \u00edndole t\u00e9cnica y organizativas recogidas en el R.D. 1720\/2007 de 21 de Diciembre, por el que se aprueba el Reglamento de desarrollo de la Ley Org\u00e1nica 15\/1999, de 13 de Diciembre de Protecci\u00f3n de Datos de car\u00e1cter personal, que garanticen la seguridad de los datos de car\u00e1cter personal y eviten su alteraci\u00f3n, p\u00e9rdida, tratamiento o acceso no autorizado, habida cuenta del estado de la tecnolog\u00eda, la naturaleza de los datos almacenados y los riesgos a que est\u00e9n expuestos, ya provengan de la acci\u00f3n humana o del medio f\u00edsico o natural.<br>\nUna vez cumplida la prestaci\u00f3n de los servicios recogidos en el presente contrato, los datos de car\u00e1cter personal deber\u00e1n ser destruidos o devueltos seg\u00fan su elecci\u00f3n al cliente, al igual que cualquier soporte o documento en el que conste alg\u00fan dato de car\u00e1cter personal objeto del tratamiento.<br>\nEl ENCARGADO DEL TRATAMIENTO en ning\u00fan caso ser\u00e1 responsable de la ilicitud o inexactitud de los datos personales suministrados por el Cliente para la prestaci\u00f3n del servicio. El Cliente ser\u00e1 el \u00fanico responsable del cumplimiento del deber de informaci\u00f3n recogido en el art\u00edculo 5 de la LOPD y de la obtenci\u00f3n del consentimiento de los afectados para el tratamiento de sus datos cuando sea necesario en virtud de la vigente normativa de protecci\u00f3n de datos.<br>\nEl firmante autoriza que sus datos personales pasen a formar parte de un fichero automatizado de Clientes propiedad del ENCARGADO DEL TRATAMIENTO con la finalidad de gestionar, administrar y facturar los servicios contratados as\u00ed como para el env\u00edo de informaci\u00f3n comercial (por correo ordinario o por canales electr\u00f3nicos) que pueda resultar de su inter\u00e9s. Asimismo autoriza que los referidos datos personales puedan ser cedidos a terceros con el objeto de que exista un seguimiento eficaz de los trabajos realizados. El firmante puede ejercer sus derechos de acceso, rectificaci\u00f3n, cancelaci\u00f3n y oposici\u00f3n en la direcci\u00f3n de la empresa contratada.<br>\n\n\n\t\t\t\t\t\t\t\t\t\t\t<\/div>\n\t\t\t\t\t<\/div>\n\t\t\t\t<\/div>\n\t\t\t\t<\/div>\n\t\t","protected":false},"excerpt":{"rendered":"<p>En cumplimiento de la Ley Org\u00e1nica 15\/1999, de 13 de diciembre, de Protecci\u00f3n de Datos de Car\u00e1cter Personal, le informamos que los datos personales que nos suministre a trav\u00e9s de la p\u00e1gina web www.pirineos-exdim.com , ser\u00e1n tratados de forma confidencial y pasar\u00e1n a formar parte de un fichero titularidad de PIRINEOS EXDIM S.L. que ha [&hellip;]<\/p>\n","protected":false},"author":1,"featured_media":0,"parent":0,"menu_order":0,"comment_status":"closed","ping_status":"open","template":"","meta":{"footnotes":""},"class_list":["post-3","page","type-page","status-publish","hentry"],"yoast_head":"<!-- This site is optimized with the Yoast SEO plugin v27.5 - https:\/\/yoast.com\/product\/yoast-seo-wordpress\/ -->\n<title>Pol\u00edtica de privacidad - Pirineos Exdim<\/title>\n<meta name=\"robots\" content=\"index, follow, max-snippet:-1, max-image-preview:large, max-video-preview:-1\" \/>\n<link rel=\"canonical\" href=\"https:\/\/pirineos-exdim.com\/?page_id=3\" \/>\n<meta property=\"og:locale\" content=\"es_ES\" \/>\n<meta property=\"og:type\" content=\"article\" \/>\n<meta property=\"og:title\" content=\"Pol\u00edtica de privacidad - Pirineos Exdim\" \/>\n<meta property=\"og:description\" content=\"En cumplimiento de la Ley Org\u00e1nica 15\/1999, de 13 de diciembre, de Protecci\u00f3n de Datos de Car\u00e1cter Personal, le informamos que los datos personales que nos suministre a trav\u00e9s de la p\u00e1gina web www.pirineos-exdim.com , ser\u00e1n tratados de forma confidencial y pasar\u00e1n a formar parte de un fichero titularidad de PIRINEOS EXDIM S.L. que ha [&hellip;]\" \/>\n<meta property=\"og:url\" content=\"https:\/\/pirineos-exdim.com\/?page_id=3\" \/>\n<meta property=\"og:site_name\" content=\"Pirineos Exdim\" \/>\n<meta property=\"article:modified_time\" content=\"2026-03-18T09:21:57+00:00\" \/>\n<meta name=\"twitter:card\" content=\"summary_large_image\" \/>\n<meta name=\"twitter:label1\" content=\"Tiempo de lectura\" \/>\n\t<meta name=\"twitter:data1\" content=\"5 minutos\" \/>\n<script type=\"application\/ld+json\" class=\"yoast-schema-graph\">{\"@context\":\"https:\\\/\\\/schema.org\",\"@graph\":[{\"@type\":\"WebPage\",\"@id\":\"https:\\\/\\\/pirineos-exdim.com\\\/?page_id=3\",\"url\":\"https:\\\/\\\/pirineos-exdim.com\\\/?page_id=3\",\"name\":\"Pol\u00edtica de privacidad - Pirineos Exdim\",\"isPartOf\":{\"@id\":\"https:\\\/\\\/pirineos-exdim.com\\\/#website\"},\"datePublished\":\"2026-03-17T16:42:39+00:00\",\"dateModified\":\"2026-03-18T09:21:57+00:00\",\"breadcrumb\":{\"@id\":\"https:\\\/\\\/pirineos-exdim.com\\\/?page_id=3#breadcrumb\"},\"inLanguage\":\"es\",\"potentialAction\":[{\"@type\":\"ReadAction\",\"target\":[\"https:\\\/\\\/pirineos-exdim.com\\\/?page_id=3\"]}]},{\"@type\":\"BreadcrumbList\",\"@id\":\"https:\\\/\\\/pirineos-exdim.com\\\/?page_id=3#breadcrumb\",\"itemListElement\":[{\"@type\":\"ListItem\",\"position\":1,\"name\":\"Inicio\",\"item\":\"https:\\\/\\\/pirineos-exdim.com\\\/\"},{\"@type\":\"ListItem\",\"position\":2,\"name\":\"Pol\u00edtica de privacidad\"}]},{\"@type\":\"WebSite\",\"@id\":\"https:\\\/\\\/pirineos-exdim.com\\\/#website\",\"url\":\"https:\\\/\\\/pirineos-exdim.com\\\/\",\"name\":\"Pirineos Exdim\",\"description\":\"\",\"publisher\":{\"@id\":\"https:\\\/\\\/pirineos-exdim.com\\\/#organization\"},\"potentialAction\":[{\"@type\":\"SearchAction\",\"target\":{\"@type\":\"EntryPoint\",\"urlTemplate\":\"https:\\\/\\\/pirineos-exdim.com\\\/?s={search_term_string}\"},\"query-input\":{\"@type\":\"PropertyValueSpecification\",\"valueRequired\":true,\"valueName\":\"search_term_string\"}}],\"inLanguage\":\"es\"},{\"@type\":\"Organization\",\"@id\":\"https:\\\/\\\/pirineos-exdim.com\\\/#organization\",\"name\":\"Pirineos Exdim\",\"url\":\"https:\\\/\\\/pirineos-exdim.com\\\/\",\"logo\":{\"@type\":\"ImageObject\",\"inLanguage\":\"es\",\"@id\":\"https:\\\/\\\/pirineos-exdim.com\\\/#\\\/schema\\\/logo\\\/image\\\/\",\"url\":\"https:\\\/\\\/pirineos-exdim.com\\\/wp-content\\\/uploads\\\/2026\\\/03\\\/logotipo-pirineos-exdim.png\",\"contentUrl\":\"https:\\\/\\\/pirineos-exdim.com\\\/wp-content\\\/uploads\\\/2026\\\/03\\\/logotipo-pirineos-exdim.png\",\"width\":221,\"height\":166,\"caption\":\"Pirineos Exdim\"},\"image\":{\"@id\":\"https:\\\/\\\/pirineos-exdim.com\\\/#\\\/schema\\\/logo\\\/image\\\/\"}}]}<\/script>\n<!-- \/ Yoast SEO plugin. -->","yoast_head_json":{"title":"Pol\u00edtica de privacidad - Pirineos Exdim","robots":{"index":"index","follow":"follow","max-snippet":"max-snippet:-1","max-image-preview":"max-image-preview:large","max-video-preview":"max-video-preview:-1"},"canonical":"https:\/\/pirineos-exdim.com\/?page_id=3","og_locale":"es_ES","og_type":"article","og_title":"Pol\u00edtica de privacidad - Pirineos Exdim","og_description":"En cumplimiento de la Ley Org\u00e1nica 15\/1999, de 13 de diciembre, de Protecci\u00f3n de Datos de Car\u00e1cter Personal, le informamos que los datos personales que nos suministre a trav\u00e9s de la p\u00e1gina web www.pirineos-exdim.com , ser\u00e1n tratados de forma confidencial y pasar\u00e1n a formar parte de un fichero titularidad de PIRINEOS EXDIM S.L. que ha [&hellip;]","og_url":"https:\/\/pirineos-exdim.com\/?page_id=3","og_site_name":"Pirineos Exdim","article_modified_time":"2026-03-18T09:21:57+00:00","twitter_card":"summary_large_image","twitter_misc":{"Tiempo de lectura":"5 minutos"},"schema":{"@context":"https:\/\/schema.org","@graph":[{"@type":"WebPage","@id":"https:\/\/pirineos-exdim.com\/?page_id=3","url":"https:\/\/pirineos-exdim.com\/?page_id=3","name":"Pol\u00edtica de privacidad - Pirineos Exdim","isPartOf":{"@id":"https:\/\/pirineos-exdim.com\/#website"},"datePublished":"2026-03-17T16:42:39+00:00","dateModified":"2026-03-18T09:21:57+00:00","breadcrumb":{"@id":"https:\/\/pirineos-exdim.com\/?page_id=3#breadcrumb"},"inLanguage":"es","potentialAction":[{"@type":"ReadAction","target":["https:\/\/pirineos-exdim.com\/?page_id=3"]}]},{"@type":"BreadcrumbList","@id":"https:\/\/pirineos-exdim.com\/?page_id=3#breadcrumb","itemListElement":[{"@type":"ListItem","position":1,"name":"Inicio","item":"https:\/\/pirineos-exdim.com\/"},{"@type":"ListItem","position":2,"name":"Pol\u00edtica de privacidad"}]},{"@type":"WebSite","@id":"https:\/\/pirineos-exdim.com\/#website","url":"https:\/\/pirineos-exdim.com\/","name":"Pirineos Exdim","description":"","publisher":{"@id":"https:\/\/pirineos-exdim.com\/#organization"},"potentialAction":[{"@type":"SearchAction","target":{"@type":"EntryPoint","urlTemplate":"https:\/\/pirineos-exdim.com\/?s={search_term_string}"},"query-input":{"@type":"PropertyValueSpecification","valueRequired":true,"valueName":"search_term_string"}}],"inLanguage":"es"},{"@type":"Organization","@id":"https:\/\/pirineos-exdim.com\/#organization","name":"Pirineos Exdim","url":"https:\/\/pirineos-exdim.com\/","logo":{"@type":"ImageObject","inLanguage":"es","@id":"https:\/\/pirineos-exdim.com\/#\/schema\/logo\/image\/","url":"https:\/\/pirineos-exdim.com\/wp-content\/uploads\/2026\/03\/logotipo-pirineos-exdim.png","contentUrl":"https:\/\/pirineos-exdim.com\/wp-content\/uploads\/2026\/03\/logotipo-pirineos-exdim.png","width":221,"height":166,"caption":"Pirineos Exdim"},"image":{"@id":"https:\/\/pirineos-exdim.com\/#\/schema\/logo\/image\/"}}]}},"_links":{"self":[{"href":"https:\/\/pirineos-exdim.com\/index.php?rest_route=\/wp\/v2\/pages\/3","targetHints":{"allow":["GET"]}}],"collection":[{"href":"https:\/\/pirineos-exdim.com\/index.php?rest_route=\/wp\/v2\/pages"}],"about":[{"href":"https:\/\/pirineos-exdim.com\/index.php?rest_route=\/wp\/v2\/types\/page"}],"author":[{"embeddable":true,"href":"https:\/\/pirineos-exdim.com\/index.php?rest_route=\/wp\/v2\/users\/1"}],"replies":[{"embeddable":true,"href":"https:\/\/pirineos-exdim.com\/index.php?rest_route=%2Fwp%2Fv2%2Fcomments&post=3"}],"version-history":[{"count":36,"href":"https:\/\/pirineos-exdim.com\/index.php?rest_route=\/wp\/v2\/pages\/3\/revisions"}],"predecessor-version":[{"id":257,"href":"https:\/\/pirineos-exdim.com\/index.php?rest_route=\/wp\/v2\/pages\/3\/revisions\/257"}],"wp:attachment":[{"href":"https:\/\/pirineos-exdim.com\/index.php?rest_route=%2Fwp%2Fv2%2Fmedia&parent=3"}],"curies":[{"name":"wp","href":"https:\/\/api.w.org\/{rel}","templated":true}]}}