{"id":17,"date":"2026-03-17T18:07:46","date_gmt":"2026-03-17T17:07:46","guid":{"rendered":"https:\/\/pirineos-exdim.com\/?page_id=17"},"modified":"2026-03-24T09:03:52","modified_gmt":"2026-03-24T08:03:52","slug":"pagina-de-inicio","status":"publish","type":"page","link":"https:\/\/pirineos-exdim.com\/","title":{"rendered":"P\u00e1gina de inicio"},"content":{"rendered":"\t\t<div data-elementor-type=\"wp-page\" data-elementor-id=\"17\" class=\"elementor elementor-17\" data-elementor-post-type=\"page\">\n\t\t\t\t<div class=\"elementor-element elementor-element-66b28ef e-con-full e-flex e-con e-parent\" data-id=\"66b28ef\" data-element_type=\"container\" data-e-type=\"container\" data-settings=\"{&quot;background_background&quot;:&quot;slideshow&quot;,&quot;background_slideshow_gallery&quot;:[{&quot;id&quot;:173,&quot;url&quot;:&quot;https:\\\/\\\/pirineos-exdim.com\\\/wp-content\\\/uploads\\\/2026\\\/03\\\/slider1.jpg&quot;},{&quot;id&quot;:174,&quot;url&quot;:&quot;https:\\\/\\\/pirineos-exdim.com\\\/wp-content\\\/uploads\\\/2026\\\/03\\\/slider2.jpg&quot;}],&quot;background_slideshow_slide_transition&quot;:&quot;slide_up&quot;,&quot;background_slideshow_loop&quot;:&quot;yes&quot;,&quot;background_slideshow_slide_duration&quot;:5000,&quot;background_slideshow_transition_duration&quot;:500}\">\n\t\t\t\t<div class=\"elementor-element elementor-element-f65b2bd elementor--h-position-left elementor-widget__width-initial elementor--v-position-middle elementor-widget elementor-widget-slides\" data-id=\"f65b2bd\" data-element_type=\"widget\" data-e-type=\"widget\" data-settings=\"{&quot;navigation&quot;:&quot;none&quot;,&quot;transition&quot;:&quot;fade&quot;,&quot;autoplay&quot;:&quot;yes&quot;,&quot;autoplay_speed&quot;:5000,&quot;infinite&quot;:&quot;yes&quot;,&quot;transition_speed&quot;:500}\" data-widget_type=\"slides.default\">\n\t\t\t\t\t\t\t\t\t\t<div class=\"elementor-slides-wrapper elementor-main-swiper swiper\" role=\"region\" aria-roledescription=\"carousel\" aria-label=\"Slides\" dir=\"ltr\" data-animation=\"fadeInUp\">\n\t\t\t\t<div class=\"swiper-wrapper elementor-slides\">\n\t\t\t\t\t\t\t\t\t\t<div class=\"elementor-repeater-item-3a80ed5 swiper-slide\" role=\"group\" aria-roledescription=\"slide\"><div class=\"swiper-slide-bg\"><\/div><div class=\"swiper-slide-inner\" ><div class=\"swiper-slide-contents\"><div class=\"elementor-slide-description\">Productores cercanos\n<span class=\"azul\">y materias primas<\/span>\nnaturales y saludables<\/div><\/div><\/div><\/div><div class=\"elementor-repeater-item-610e58e swiper-slide\" role=\"group\" aria-roledescription=\"slide\"><div class=\"swiper-slide-bg\"><\/div><div class=\"swiper-slide-inner\" ><div class=\"swiper-slide-contents\"><div class=\"elementor-slide-description\"><span class=\"azul\">Productos innovadores<\/span> y \ndiferenciadores<\/div><\/div><\/div><\/div>\t\t\t\t<\/div>\n\t\t\t\t\t\t\t\t\t\t\t\t\t\t\t\t\t\t\t\t\t<\/div>\n\t\t\t\t\t\t\t\t<\/div>\n\t\t<div class=\"elementor-element elementor-element-78b3689 e-con-full e-flex e-con e-child\" data-id=\"78b3689\" data-element_type=\"container\" data-e-type=\"container\" data-settings=\"{&quot;background_background&quot;:&quot;classic&quot;,&quot;position&quot;:&quot;absolute&quot;}\">\n\t\t\t\t<\/div>\n\t\t<div class=\"elementor-element elementor-element-9e9e5eb e-con-full e-flex e-con e-child\" data-id=\"9e9e5eb\" data-element_type=\"container\" data-e-type=\"container\" data-settings=\"{&quot;background_background&quot;:&quot;classic&quot;,&quot;position&quot;:&quot;absolute&quot;}\">\n\t\t\t\t<\/div>\n\t\t\t\t<\/div>\n\t\t<div class=\"elementor-element elementor-element-3f54bf7 e-flex e-con-boxed e-con e-parent\" data-id=\"3f54bf7\" data-element_type=\"container\" data-e-type=\"container\" data-settings=\"{&quot;background_background&quot;:&quot;classic&quot;}\">\n\t\t\t\t\t<div class=\"e-con-inner\">\n\t\t<div class=\"elementor-element elementor-element-eb1416b e-con-full e-flex e-con e-child\" data-id=\"eb1416b\" data-element_type=\"container\" data-e-type=\"container\">\n\t\t<div class=\"elementor-element elementor-element-610b3f4 e-con-full e-flex e-con e-child\" data-id=\"610b3f4\" data-element_type=\"container\" data-e-type=\"container\">\n\t\t\t\t<div class=\"elementor-element elementor-element-694c7c5 elementor-widget elementor-widget-text-editor\" data-id=\"694c7c5\" data-element_type=\"widget\" data-e-type=\"widget\" data-widget_type=\"text-editor.default\">\n\t\t\t\t\t\t\t\t\t<strong>Pirineos Exdim,<\/strong>\n<strong>selecci\u00f3n<\/strong> en origen y distribuci\u00f3n de <strong>productos<\/strong> de alta calidad\t\t\t\t\t\t\t\t<\/div>\n\t\t\t\t<div class=\"elementor-element elementor-element-6cdc459 elementor-widget elementor-widget-text-editor\" data-id=\"6cdc459\" data-element_type=\"widget\" data-e-type=\"widget\" data-widget_type=\"text-editor.default\">\n\t\t\t\t\t\t\t\t\t<p><strong>Pirineos Exdim<\/strong> se fund\u00f3 en 1992 con el \u00e1nimo de contribuir al crecimiento de nuestra gastronom\u00eda. De la mano de <strong>Chefs y restauradores<\/strong> hemos ido creciendo y aportando nuestro granito de arena en la selecci\u00f3n y distribuci\u00f3n de <strong>productos c\u00e1rnicos, gourmet y gastron\u00f3micos<\/strong>.<\/p><p>Apostamos por productores cercanos y <strong>materias primas naturales y saludables<\/strong>. Nos adaptamos a las necesidades de nuestros clientes y estamos siempre en continua evoluci\u00f3n analizando tendencias y h\u00e1bitos de consumo.<\/p><p>Recicl\u00e1ndonos constantemente buscamos en el mercado <strong>productos innovadores y diferenciadores<\/strong> que nos permitan disponer de las \u00faltimas novedades para nuestros clientes del canal horeca, <strong>alimentaci\u00f3n y exportaci\u00f3n<\/strong>.<\/p>\t\t\t\t\t\t\t\t<\/div>\n\t\t\t\t<\/div>\n\t\t<div class=\"elementor-element elementor-element-30d5256 e-con-full elementor-hidden-mobile e-flex e-con e-child\" data-id=\"30d5256\" data-element_type=\"container\" data-e-type=\"container\">\n\t\t\t\t<div class=\"elementor-element elementor-element-e2979ec elementor-widget elementor-widget-image\" data-id=\"e2979ec\" data-element_type=\"widget\" data-e-type=\"widget\" data-widget_type=\"image.default\">\n\t\t\t\t\t\t\t\t\t\t\t\t\t\t\t<img decoding=\"async\" width=\"178\" height=\"205\" src=\"https:\/\/pirineos-exdim.com\/wp-content\/uploads\/2026\/03\/gf-arrow.png\" class=\"attachment-large size-large wp-image-28\" alt=\"\" \/>\t\t\t\t\t\t\t\t\t\t\t\t\t\t\t<\/div>\n\t\t\t\t<\/div>\n\t\t\t\t<\/div>\n\t\t<div class=\"elementor-element elementor-element-37372c6 e-con-full e-flex e-con e-child\" data-id=\"37372c6\" data-element_type=\"container\" data-e-type=\"container\">\n\t\t<div class=\"elementor-element elementor-element-d3d0957 e-con-full e-flex e-con e-child\" data-id=\"d3d0957\" data-element_type=\"container\" data-e-type=\"container\">\n\t\t\t\t<div class=\"elementor-element elementor-element-271cf01 elementor-widget elementor-widget-image\" data-id=\"271cf01\" data-element_type=\"widget\" data-e-type=\"widget\" data-widget_type=\"image.default\">\n\t\t\t\t\t\t\t\t\t\t\t\t\t\t\t<img decoding=\"async\" width=\"308\" height=\"136\" src=\"https:\/\/pirineos-exdim.com\/wp-content\/uploads\/2026\/03\/logo-pirineos-exdim-pyrinees.png\" class=\"attachment-large size-large wp-image-34\" alt=\"\" srcset=\"https:\/\/pirineos-exdim.com\/wp-content\/uploads\/2026\/03\/logo-pirineos-exdim-pyrinees.png 308w, https:\/\/pirineos-exdim.com\/wp-content\/uploads\/2026\/03\/logo-pirineos-exdim-pyrinees-300x132.png 300w\" sizes=\"(max-width: 308px) 100vw, 308px\" \/>\t\t\t\t\t\t\t\t\t\t\t\t\t\t\t<\/div>\n\t\t\t\t<div class=\"elementor-element elementor-element-1491167 elementor-hidden-mobile elementor-widget elementor-widget-image\" data-id=\"1491167\" data-element_type=\"widget\" data-e-type=\"widget\" data-widget_type=\"image.default\">\n\t\t\t\t\t\t\t\t\t\t\t\t\t\t\t<img decoding=\"async\" width=\"178\" height=\"205\" src=\"https:\/\/pirineos-exdim.com\/wp-content\/uploads\/2026\/03\/gf-arrow-left.png\" class=\"attachment-large size-large wp-image-29\" alt=\"\" \/>\t\t\t\t\t\t\t\t\t\t\t\t\t\t\t<\/div>\n\t\t<div class=\"elementor-element elementor-element-36c9409 e-con-full e-flex e-con e-child\" data-id=\"36c9409\" data-element_type=\"container\" data-e-type=\"container\">\n\t\t<div class=\"elementor-element elementor-element-f7771cb e-con-full e-flex e-con e-child\" data-id=\"f7771cb\" data-element_type=\"container\" data-e-type=\"container\">\n\t\t\t\t<div class=\"elementor-element elementor-element-bc89f15 elementor-widget elementor-widget-heading\" data-id=\"bc89f15\" data-element_type=\"widget\" data-e-type=\"widget\" data-widget_type=\"heading.default\">\n\t\t\t\t\t<h2 class=\"elementor-heading-title elementor-size-default\">Misi\u00f3n <\/h2>\t\t\t\t<\/div>\n\t\t\t\t<div class=\"elementor-element elementor-element-34f8449 elementor-widget elementor-widget-text-editor\" data-id=\"34f8449\" data-element_type=\"widget\" data-e-type=\"widget\" data-widget_type=\"text-editor.default\">\n\t\t\t\t\t\t\t\t\tVender soluciones, distribuir gastronom\u00eda, servir fiabilidad, lealtad y confianza. \t\t\t\t\t\t\t\t<\/div>\n\t\t\t\t<div class=\"elementor-element elementor-element-32a5e25 elementor-widget elementor-widget-heading\" data-id=\"32a5e25\" data-element_type=\"widget\" data-e-type=\"widget\" data-widget_type=\"heading.default\">\n\t\t\t\t\t<h2 class=\"elementor-heading-title elementor-size-default\">Visi\u00f3n <\/h2>\t\t\t\t<\/div>\n\t\t\t\t<div class=\"elementor-element elementor-element-5f31899 elementor-widget elementor-widget-text-editor\" data-id=\"5f31899\" data-element_type=\"widget\" data-e-type=\"widget\" data-widget_type=\"text-editor.default\">\n\t\t\t\t\t\t\t\t\t<p>Ser referente del sector de la distribuci\u00f3n y selecci\u00f3n de productos c\u00e1rnicos gourmet y gastron\u00f3micos.<\/p>\t\t\t\t\t\t\t\t<\/div>\n\t\t\t\t<div class=\"elementor-element elementor-element-6d2fe2a elementor-widget elementor-widget-heading\" data-id=\"6d2fe2a\" data-element_type=\"widget\" data-e-type=\"widget\" data-widget_type=\"heading.default\">\n\t\t\t\t\t<h2 class=\"elementor-heading-title elementor-size-default\">Valores <\/h2>\t\t\t\t<\/div>\n\t\t\t\t<div class=\"elementor-element elementor-element-84d4369 elementor-widget elementor-widget-text-editor\" data-id=\"84d4369\" data-element_type=\"widget\" data-e-type=\"widget\" data-widget_type=\"text-editor.default\">\n\t\t\t\t\t\t\t\t\t<p>Fiabilidad, servicio, confianza, seguridad, cercan\u00eda, satisfacci\u00f3n, calidad, innovaci\u00f3n, asesoramiento.<\/p>\t\t\t\t\t\t\t\t<\/div>\n\t\t\t\t<\/div>\n\t\t\t\t<\/div>\n\t\t\t\t<\/div>\n\t\t\t\t<\/div>\n\t\t<div class=\"elementor-element elementor-element-000face e-con-full e-flex e-con e-child\" data-id=\"000face\" data-element_type=\"container\" data-e-type=\"container\" data-settings=\"{&quot;position&quot;:&quot;absolute&quot;}\">\n\t\t\t\t<div class=\"elementor-element elementor-element-19eb857 elementor-widget elementor-widget-heading\" data-id=\"19eb857\" data-element_type=\"widget\" data-e-type=\"widget\" data-widget_type=\"heading.default\">\n\t\t\t\t\t<h2 class=\"elementor-heading-title elementor-size-default\">SERVICIOS<\/h2>\t\t\t\t<\/div>\n\t\t\t\t<\/div>\n\t\t\t\t\t<\/div>\n\t\t\t\t<\/div>\n\t\t<div class=\"elementor-element elementor-element-8ad3d7f e-con-full e-flex e-con e-parent\" data-id=\"8ad3d7f\" data-element_type=\"container\" data-e-type=\"container\">\n\t\t<div class=\"elementor-element elementor-element-f398c62 e-con-full e-flex e-con e-child\" data-id=\"f398c62\" data-element_type=\"container\" data-e-type=\"container\" data-settings=\"{&quot;background_background&quot;:&quot;classic&quot;,&quot;animation_mobile&quot;:&quot;fadeIn&quot;}\">\n\t\t\t\t<div class=\"elementor-element elementor-element-739dc87 elementor-widget elementor-widget-heading\" data-id=\"739dc87\" data-element_type=\"widget\" data-e-type=\"widget\" data-widget_type=\"heading.default\">\n\t\t\t\t\t<h3 class=\"elementor-heading-title elementor-size-default\">Distribuci\u00f3n<\/h3>\t\t\t\t<\/div>\n\t\t\t\t<div class=\"elementor-element elementor-element-cbfa325 elementor-widget elementor-widget-text-editor\" data-id=\"cbfa325\" data-element_type=\"widget\" data-e-type=\"widget\" data-widget_type=\"text-editor.default\">\n\t\t\t\t\t\t\t\t\t<p>En 48 horas a toda Espa\u00f1a<\/p>\t\t\t\t\t\t\t\t<\/div>\n\t\t\t\t<\/div>\n\t\t<div class=\"elementor-element elementor-element-a80d041 e-con-full e-flex e-con e-child\" data-id=\"a80d041\" data-element_type=\"container\" data-e-type=\"container\" data-settings=\"{&quot;background_background&quot;:&quot;classic&quot;,&quot;animation_mobile&quot;:&quot;fadeIn&quot;}\">\n\t\t\t\t<div class=\"elementor-element elementor-element-e086d84 elementor-widget elementor-widget-heading\" data-id=\"e086d84\" data-element_type=\"widget\" data-e-type=\"widget\" data-widget_type=\"heading.default\">\n\t\t\t\t\t<h3 class=\"elementor-heading-title elementor-size-default\">Red comercial<\/h3>\t\t\t\t<\/div>\n\t\t\t\t<div class=\"elementor-element elementor-element-680227b elementor-widget elementor-widget-text-editor\" data-id=\"680227b\" data-element_type=\"widget\" data-e-type=\"widget\" data-widget_type=\"text-editor.default\">\n\t\t\t\t\t\t\t\t\t<p>Visitas personalizadas<\/p>\t\t\t\t\t\t\t\t<\/div>\n\t\t\t\t<\/div>\n\t\t<div class=\"elementor-element elementor-element-a7358cf e-con-full e-flex e-con e-child\" data-id=\"a7358cf\" data-element_type=\"container\" data-e-type=\"container\" data-settings=\"{&quot;background_background&quot;:&quot;classic&quot;,&quot;animation_mobile&quot;:&quot;fadeIn&quot;}\">\n\t\t\t\t<div class=\"elementor-element elementor-element-715ad93 elementor-widget elementor-widget-heading\" data-id=\"715ad93\" data-element_type=\"widget\" data-e-type=\"widget\" data-widget_type=\"heading.default\">\n\t\t\t\t\t<h3 class=\"elementor-heading-title elementor-size-default\">Asesoramiento<\/h3>\t\t\t\t<\/div>\n\t\t\t\t<div class=\"elementor-element elementor-element-4a04af6 elementor-widget elementor-widget-text-editor\" data-id=\"4a04af6\" data-element_type=\"widget\" data-e-type=\"widget\" data-widget_type=\"text-editor.default\">\n\t\t\t\t\t\t\t\t\t<p>Directo con almac\u00e9n<\/p>\t\t\t\t\t\t\t\t<\/div>\n\t\t\t\t<\/div>\n\t\t<div class=\"elementor-element elementor-element-5a1621e e-con-full e-flex e-con e-child\" data-id=\"5a1621e\" data-element_type=\"container\" data-e-type=\"container\" data-settings=\"{&quot;background_background&quot;:&quot;classic&quot;,&quot;animation_mobile&quot;:&quot;fadeIn&quot;}\">\n\t\t\t\t<div class=\"elementor-element elementor-element-c824ef4 elementor-widget elementor-widget-heading\" data-id=\"c824ef4\" data-element_type=\"widget\" data-e-type=\"widget\" data-widget_type=\"heading.default\">\n\t\t\t\t\t<h3 class=\"elementor-heading-title elementor-size-default\">Sala manipulaci\u00f3n<\/h3>\t\t\t\t<\/div>\n\t\t\t\t<div class=\"elementor-element elementor-element-ff0d9ad elementor-widget elementor-widget-text-editor\" data-id=\"ff0d9ad\" data-element_type=\"widget\" data-e-type=\"widget\" data-widget_type=\"text-editor.default\">\n\t\t\t\t\t\t\t\t\t<p>Carnicer\u00eda pura y dura<\/p>\t\t\t\t\t\t\t\t<\/div>\n\t\t\t\t<\/div>\n\t\t<div class=\"elementor-element elementor-element-feb6bfb e-con-full e-flex e-con e-child\" data-id=\"feb6bfb\" data-element_type=\"container\" data-e-type=\"container\" data-settings=\"{&quot;background_background&quot;:&quot;classic&quot;,&quot;animation_mobile&quot;:&quot;fadeIn&quot;}\">\n\t\t\t\t<div class=\"elementor-element elementor-element-1bc482e elementor-widget elementor-widget-heading\" data-id=\"1bc482e\" data-element_type=\"widget\" data-e-type=\"widget\" data-widget_type=\"heading.default\">\n\t\t\t\t\t<h3 class=\"elementor-heading-title elementor-size-default\">Cursos<\/h3>\t\t\t\t<\/div>\n\t\t\t\t<div class=\"elementor-element elementor-element-f8fc6bf elementor-widget elementor-widget-text-editor\" data-id=\"f8fc6bf\" data-element_type=\"widget\" data-e-type=\"widget\" data-widget_type=\"text-editor.default\">\n\t\t\t\t\t\t\t\t\t<p>Personalizados y en aulas<\/p>\t\t\t\t\t\t\t\t<\/div>\n\t\t\t\t<\/div>\n\t\t\t\t<\/div>\n\t\t\t\t<\/div>\n\t\t","protected":false},"excerpt":{"rendered":"<p>Productores cercanos y materias primas naturales y saludablesProductos innovadores y diferenciadores Pirineos Exdim, selecci\u00f3n en origen y distribuci\u00f3n de productos de alta calidad Pirineos Exdim se fund\u00f3 en 1992 con el \u00e1nimo de contribuir al crecimiento de nuestra gastronom\u00eda. De la mano de Chefs y restauradores hemos ido creciendo y aportando nuestro granito de arena [&hellip;]<\/p>\n","protected":false},"author":1,"featured_media":0,"parent":0,"menu_order":0,"comment_status":"closed","ping_status":"closed","template":"","meta":{"footnotes":""},"class_list":["post-17","page","type-page","status-publish","hentry"],"yoast_head":"<!-- This site is optimized with the Yoast SEO plugin v27.5 - https:\/\/yoast.com\/product\/yoast-seo-wordpress\/ -->\n<title>Distribuci\u00f3n de productos de alta calidad para hosteler\u00eda<\/title>\n<meta name=\"robots\" content=\"index, follow, max-snippet:-1, max-image-preview:large, max-video-preview:-1\" \/>\n<link rel=\"canonical\" href=\"https:\/\/pirineos-exdim.com\/\" \/>\n<meta property=\"og:locale\" content=\"es_ES\" \/>\n<meta property=\"og:type\" content=\"article\" \/>\n<meta property=\"og:title\" content=\"Distribuci\u00f3n de productos de alta calidad para hosteler\u00eda\" \/>\n<meta property=\"og:description\" content=\"Productores cercanos y materias primas naturales y saludablesProductos innovadores y diferenciadores Pirineos Exdim, selecci\u00f3n en origen y distribuci\u00f3n de productos de alta calidad Pirineos Exdim se fund\u00f3 en 1992 con el \u00e1nimo de contribuir al crecimiento de nuestra gastronom\u00eda. De la mano de Chefs y restauradores hemos ido creciendo y aportando nuestro granito de arena [&hellip;]\" \/>\n<meta property=\"og:url\" content=\"https:\/\/pirineos-exdim.com\/\" \/>\n<meta property=\"og:site_name\" content=\"Pirineos Exdim\" \/>\n<meta property=\"article:modified_time\" content=\"2026-03-24T08:03:52+00:00\" \/>\n<meta property=\"og:image\" content=\"https:\/\/pirineos-exdim.com\/wp-content\/uploads\/2026\/03\/gf-arrow.png\" \/>\n\t<meta property=\"og:image:width\" content=\"178\" \/>\n\t<meta property=\"og:image:height\" content=\"205\" \/>\n\t<meta property=\"og:image:type\" content=\"image\/png\" \/>\n<meta name=\"twitter:card\" content=\"summary_large_image\" \/>\n<meta name=\"twitter:label1\" content=\"Tiempo de lectura\" \/>\n\t<meta name=\"twitter:data1\" content=\"1 minuto\" \/>\n<script type=\"application\/ld+json\" class=\"yoast-schema-graph\">{\"@context\":\"https:\\\/\\\/schema.org\",\"@graph\":[{\"@type\":\"WebPage\",\"@id\":\"https:\\\/\\\/pirineos-exdim.com\\\/\",\"url\":\"https:\\\/\\\/pirineos-exdim.com\\\/\",\"name\":\"Distribuci\u00f3n de productos de alta calidad para hosteler\u00eda\",\"isPartOf\":{\"@id\":\"https:\\\/\\\/pirineos-exdim.com\\\/#website\"},\"primaryImageOfPage\":{\"@id\":\"https:\\\/\\\/pirineos-exdim.com\\\/#primaryimage\"},\"image\":{\"@id\":\"https:\\\/\\\/pirineos-exdim.com\\\/#primaryimage\"},\"thumbnailUrl\":\"https:\\\/\\\/pirineos-exdim.com\\\/wp-content\\\/uploads\\\/2026\\\/03\\\/gf-arrow.png\",\"datePublished\":\"2026-03-17T17:07:46+00:00\",\"dateModified\":\"2026-03-24T08:03:52+00:00\",\"breadcrumb\":{\"@id\":\"https:\\\/\\\/pirineos-exdim.com\\\/#breadcrumb\"},\"inLanguage\":\"es\",\"potentialAction\":[{\"@type\":\"ReadAction\",\"target\":[\"https:\\\/\\\/pirineos-exdim.com\\\/\"]}]},{\"@type\":\"ImageObject\",\"inLanguage\":\"es\",\"@id\":\"https:\\\/\\\/pirineos-exdim.com\\\/#primaryimage\",\"url\":\"https:\\\/\\\/pirineos-exdim.com\\\/wp-content\\\/uploads\\\/2026\\\/03\\\/gf-arrow.png\",\"contentUrl\":\"https:\\\/\\\/pirineos-exdim.com\\\/wp-content\\\/uploads\\\/2026\\\/03\\\/gf-arrow.png\",\"width\":178,\"height\":205},{\"@type\":\"BreadcrumbList\",\"@id\":\"https:\\\/\\\/pirineos-exdim.com\\\/#breadcrumb\",\"itemListElement\":[{\"@type\":\"ListItem\",\"position\":1,\"name\":\"Inicio\",\"item\":\"https:\\\/\\\/pirineos-exdim.com\\\/\"},{\"@type\":\"ListItem\",\"position\":2,\"name\":\"P\u00e1gina de inicio\"}]},{\"@type\":\"WebSite\",\"@id\":\"https:\\\/\\\/pirineos-exdim.com\\\/#website\",\"url\":\"https:\\\/\\\/pirineos-exdim.com\\\/\",\"name\":\"Pirineos Exdim\",\"description\":\"\",\"publisher\":{\"@id\":\"https:\\\/\\\/pirineos-exdim.com\\\/#organization\"},\"potentialAction\":[{\"@type\":\"SearchAction\",\"target\":{\"@type\":\"EntryPoint\",\"urlTemplate\":\"https:\\\/\\\/pirineos-exdim.com\\\/?s={search_term_string}\"},\"query-input\":{\"@type\":\"PropertyValueSpecification\",\"valueRequired\":true,\"valueName\":\"search_term_string\"}}],\"inLanguage\":\"es\"},{\"@type\":\"Organization\",\"@id\":\"https:\\\/\\\/pirineos-exdim.com\\\/#organization\",\"name\":\"Pirineos Exdim\",\"url\":\"https:\\\/\\\/pirineos-exdim.com\\\/\",\"logo\":{\"@type\":\"ImageObject\",\"inLanguage\":\"es\",\"@id\":\"https:\\\/\\\/pirineos-exdim.com\\\/#\\\/schema\\\/logo\\\/image\\\/\",\"url\":\"https:\\\/\\\/pirineos-exdim.com\\\/wp-content\\\/uploads\\\/2026\\\/03\\\/logotipo-pirineos-exdim.png\",\"contentUrl\":\"https:\\\/\\\/pirineos-exdim.com\\\/wp-content\\\/uploads\\\/2026\\\/03\\\/logotipo-pirineos-exdim.png\",\"width\":221,\"height\":166,\"caption\":\"Pirineos Exdim\"},\"image\":{\"@id\":\"https:\\\/\\\/pirineos-exdim.com\\\/#\\\/schema\\\/logo\\\/image\\\/\"}}]}<\/script>\n<!-- \/ Yoast SEO plugin. -->","yoast_head_json":{"title":"Distribuci\u00f3n de productos de alta calidad para hosteler\u00eda","robots":{"index":"index","follow":"follow","max-snippet":"max-snippet:-1","max-image-preview":"max-image-preview:large","max-video-preview":"max-video-preview:-1"},"canonical":"https:\/\/pirineos-exdim.com\/","og_locale":"es_ES","og_type":"article","og_title":"Distribuci\u00f3n de productos de alta calidad para hosteler\u00eda","og_description":"Productores cercanos y materias primas naturales y saludablesProductos innovadores y diferenciadores Pirineos Exdim, selecci\u00f3n en origen y distribuci\u00f3n de productos de alta calidad Pirineos Exdim se fund\u00f3 en 1992 con el \u00e1nimo de contribuir al crecimiento de nuestra gastronom\u00eda. De la mano de Chefs y restauradores hemos ido creciendo y aportando nuestro granito de arena [&hellip;]","og_url":"https:\/\/pirineos-exdim.com\/","og_site_name":"Pirineos Exdim","article_modified_time":"2026-03-24T08:03:52+00:00","og_image":[{"width":178,"height":205,"url":"https:\/\/pirineos-exdim.com\/wp-content\/uploads\/2026\/03\/gf-arrow.png","type":"image\/png"}],"twitter_card":"summary_large_image","twitter_misc":{"Tiempo de lectura":"1 minuto"},"schema":{"@context":"https:\/\/schema.org","@graph":[{"@type":"WebPage","@id":"https:\/\/pirineos-exdim.com\/","url":"https:\/\/pirineos-exdim.com\/","name":"Distribuci\u00f3n de productos de alta calidad para hosteler\u00eda","isPartOf":{"@id":"https:\/\/pirineos-exdim.com\/#website"},"primaryImageOfPage":{"@id":"https:\/\/pirineos-exdim.com\/#primaryimage"},"image":{"@id":"https:\/\/pirineos-exdim.com\/#primaryimage"},"thumbnailUrl":"https:\/\/pirineos-exdim.com\/wp-content\/uploads\/2026\/03\/gf-arrow.png","datePublished":"2026-03-17T17:07:46+00:00","dateModified":"2026-03-24T08:03:52+00:00","breadcrumb":{"@id":"https:\/\/pirineos-exdim.com\/#breadcrumb"},"inLanguage":"es","potentialAction":[{"@type":"ReadAction","target":["https:\/\/pirineos-exdim.com\/"]}]},{"@type":"ImageObject","inLanguage":"es","@id":"https:\/\/pirineos-exdim.com\/#primaryimage","url":"https:\/\/pirineos-exdim.com\/wp-content\/uploads\/2026\/03\/gf-arrow.png","contentUrl":"https:\/\/pirineos-exdim.com\/wp-content\/uploads\/2026\/03\/gf-arrow.png","width":178,"height":205},{"@type":"BreadcrumbList","@id":"https:\/\/pirineos-exdim.com\/#breadcrumb","itemListElement":[{"@type":"ListItem","position":1,"name":"Inicio","item":"https:\/\/pirineos-exdim.com\/"},{"@type":"ListItem","position":2,"name":"P\u00e1gina de inicio"}]},{"@type":"WebSite","@id":"https:\/\/pirineos-exdim.com\/#website","url":"https:\/\/pirineos-exdim.com\/","name":"Pirineos Exdim","description":"","publisher":{"@id":"https:\/\/pirineos-exdim.com\/#organization"},"potentialAction":[{"@type":"SearchAction","target":{"@type":"EntryPoint","urlTemplate":"https:\/\/pirineos-exdim.com\/?s={search_term_string}"},"query-input":{"@type":"PropertyValueSpecification","valueRequired":true,"valueName":"search_term_string"}}],"inLanguage":"es"},{"@type":"Organization","@id":"https:\/\/pirineos-exdim.com\/#organization","name":"Pirineos Exdim","url":"https:\/\/pirineos-exdim.com\/","logo":{"@type":"ImageObject","inLanguage":"es","@id":"https:\/\/pirineos-exdim.com\/#\/schema\/logo\/image\/","url":"https:\/\/pirineos-exdim.com\/wp-content\/uploads\/2026\/03\/logotipo-pirineos-exdim.png","contentUrl":"https:\/\/pirineos-exdim.com\/wp-content\/uploads\/2026\/03\/logotipo-pirineos-exdim.png","width":221,"height":166,"caption":"Pirineos Exdim"},"image":{"@id":"https:\/\/pirineos-exdim.com\/#\/schema\/logo\/image\/"}}]}},"_links":{"self":[{"href":"https:\/\/pirineos-exdim.com\/index.php?rest_route=\/wp\/v2\/pages\/17","targetHints":{"allow":["GET"]}}],"collection":[{"href":"https:\/\/pirineos-exdim.com\/index.php?rest_route=\/wp\/v2\/pages"}],"about":[{"href":"https:\/\/pirineos-exdim.com\/index.php?rest_route=\/wp\/v2\/types\/page"}],"author":[{"embeddable":true,"href":"https:\/\/pirineos-exdim.com\/index.php?rest_route=\/wp\/v2\/users\/1"}],"replies":[{"embeddable":true,"href":"https:\/\/pirineos-exdim.com\/index.php?rest_route=%2Fwp%2Fv2%2Fcomments&post=17"}],"version-history":[{"count":172,"href":"https:\/\/pirineos-exdim.com\/index.php?rest_route=\/wp\/v2\/pages\/17\/revisions"}],"predecessor-version":[{"id":313,"href":"https:\/\/pirineos-exdim.com\/index.php?rest_route=\/wp\/v2\/pages\/17\/revisions\/313"}],"wp:attachment":[{"href":"https:\/\/pirineos-exdim.com\/index.php?rest_route=%2Fwp%2Fv2%2Fmedia&parent=17"}],"curies":[{"name":"wp","href":"https:\/\/api.w.org\/{rel}","templated":true}]}}