{"id":123,"date":"2026-03-17T21:13:56","date_gmt":"2026-03-17T20:13:56","guid":{"rendered":"https:\/\/pirineos-exdim.com\/?page_id=123"},"modified":"2026-03-18T10:24:31","modified_gmt":"2026-03-18T09:24:31","slug":"politica-de-cookies","status":"publish","type":"page","link":"https:\/\/pirineos-exdim.com\/?page_id=123","title":{"rendered":"Pol\u00edtica de cookies"},"content":{"rendered":"\t\t<div data-elementor-type=\"wp-page\" data-elementor-id=\"123\" class=\"elementor elementor-123\" data-elementor-post-type=\"page\">\n\t\t\t\t<div class=\"elementor-element elementor-element-3cf13122 e-flex e-con-boxed e-con e-parent\" data-id=\"3cf13122\" data-element_type=\"container\" data-e-type=\"container\" data-settings=\"{&quot;background_background&quot;:&quot;classic&quot;}\">\n\t\t\t\t\t<div class=\"e-con-inner\">\n\t\t<div class=\"elementor-element elementor-element-67bbc66d e-con-full e-flex e-con e-child\" data-id=\"67bbc66d\" data-element_type=\"container\" data-e-type=\"container\" data-settings=\"{&quot;background_background&quot;:&quot;classic&quot;,&quot;position&quot;:&quot;absolute&quot;}\">\n\t\t\t\t<\/div>\n\t\t\t\t\t<\/div>\n\t\t\t\t<\/div>\n\t\t<div class=\"elementor-element elementor-element-43e33b0 e-flex e-con-boxed e-con e-parent\" data-id=\"43e33b0\" data-element_type=\"container\" data-e-type=\"container\" data-settings=\"{&quot;background_background&quot;:&quot;classic&quot;}\">\n\t\t\t\t\t<div class=\"e-con-inner\">\n\t\t\t\t<div class=\"elementor-element elementor-element-fd2d869 elementor-align-center elementor-widget elementor-widget-breadcrumbs\" data-id=\"fd2d869\" data-element_type=\"widget\" data-e-type=\"widget\" data-widget_type=\"breadcrumbs.default\">\n\t\t\t\t\t<p id=\"breadcrumbs\"><span><span><a href=\"https:\/\/pirineos-exdim.com\/\">Inicio<\/a><\/span><\/span><\/p>\t\t\t\t<\/div>\n\t\t\t\t\t<\/div>\n\t\t\t\t<\/div>\n\t\t<div class=\"elementor-element elementor-element-5609cf53 e-flex e-con-boxed e-con e-parent\" data-id=\"5609cf53\" data-element_type=\"container\" data-e-type=\"container\">\n\t\t\t\t\t<div class=\"e-con-inner\">\n\t\t\t\t<div class=\"elementor-element elementor-element-13ba61aa elementor-widget elementor-widget-text-editor\" data-id=\"13ba61aa\" data-element_type=\"widget\" data-e-type=\"widget\" data-widget_type=\"text-editor.default\">\n\t\t\t\t\t\t\t\t\t\n\t\t\t\t<p>https:\/\/www.pirineos-exdim.com (en adelante la Web):<\/p> \n<p>Pirineos Exdim S.L. es la responsable de las cookies de la Web y del tratamiento de los datos obtenidos a trav\u00e9s de las mismas, decidiendo sobre la finalidad del tratamiento en relaci\u00f3n con la informaci\u00f3n recabada. En este sentido, el acceso, la navegaci\u00f3n y el uso de los servicios en la Web de Pirineos Exdim S.L. implican la aceptaci\u00f3n de la presente Pol\u00edtica de Cookies. <\/p>\n<p>Una cookie es un peque\u00f1o archivo que se almacena en el dispositivo del Usuario y nos permite reconocerlo. El conjunto de cookies nos ayuda a mejorar la calidad de la Web de Pirineos Exdim S.L.<\/p>\n<p>Mediante el acceso a la Web, el Usuario acepta de manera expresa la utilizaci\u00f3n de este tipo de cookies en sus dispositivos. En caso que el Usuario no acepte la utilizaci\u00f3n de las mismas, deber\u00e1 configurar su navegador web, de tal forma que rechace la instalaci\u00f3n y\/o utilizaci\u00f3n de las cookies en su dispositivo. No obstante, en caso de que el Usuario desactive las cookies, puede que su navegaci\u00f3n por la Web no sea \u00f3ptima y algunas de las utilidades no funcionen correctamente. <\/p>\n<p>Concretamente, la Web de Pirineos Exdim S.L. est\u00e1 utilizando las siguientes cookies para las finalidades que a continuaci\u00f3n se exponen: <\/p>\n<p>La Web utiliza cookies de Google Analytics, del proveedor Google Inc., que nos permite realizar an\u00e1lisis estad\u00edsticos sobre c\u00f3mo el Usuario navega y utiliza nuestros servicios en la Web: <\/p>\n<p>Nombre\tTipo\tDuraci\u00f3n\t\t\tFinalidad <\/p>\n<p>Utma\tANALYTIC\t2 a\u00f1os\t\tConocer las ocasiones que el usuario ha visitado la Web <\/p>\n<p>Utmb\tANALYTIC\tExpira al finalizar la sesi\u00f3n\tCalcular la duraci\u00f3n de la visita de un Usuario <\/p>\n<p>Utmc\tANALYTIC\tExpira al finalizar la sesi\u00f3n\tCalcular la duraci\u00f3n de la visita de un Usuario <\/p>\n<p>Utmz\tANALYTIC\tExpira al finalizar la sesi\u00f3n    Conocer de donde procede la visita del Usuario <\/p>\n<p>Podr\u00edan instalarse en el dispositivo del Usuarios cookies de terceros en el caso de que utilice las Redes Sociales para compartir alguno de los contenidos de la Web de Pirineos Exdim S.L. Dichas cookies serian instaladas por las propias Redes Sociales. <\/p>\n<p>Ponemos a su disposici\u00f3n la informaci\u00f3n que le permita configurar su navegador web, de tal forma que rechace la instalaci\u00f3n y\/o utilizaci\u00f3n de las cookies en su dispositivo: <\/p>\n<p>GOOGLE CHROME: https:\/\/support.google.com<\/p>\n<p>EXPLORER: https:\/\/support.microsoft.com<\/p>\n<p>FIREFOX :https:\/\/support.mozilla.org<\/p>\n<p>SAFARI: https:\/\/support.apple.com<\/p>\n            \t\t\t\t\t\t\t\t\t\t\t<\/div>\n\t\t\t\t\t<\/div>\n\t\t\t\t<\/div>\n\t\t\t\t<\/div>\n\t\t","protected":false},"excerpt":{"rendered":"<p>https:\/\/www.pirineos-exdim.com (en adelante la Web): Pirineos Exdim S.L. es la responsable de las cookies de la Web y del tratamiento de los datos obtenidos a trav\u00e9s de las mismas, decidiendo sobre la finalidad del tratamiento en relaci\u00f3n con la informaci\u00f3n recabada. En este sentido, el acceso, la navegaci\u00f3n y el uso de los servicios en [&hellip;]<\/p>\n","protected":false},"author":1,"featured_media":0,"parent":0,"menu_order":0,"comment_status":"closed","ping_status":"closed","template":"","meta":{"footnotes":""},"class_list":["post-123","page","type-page","status-publish","hentry"],"yoast_head":"<!-- This site is optimized with the Yoast SEO plugin v27.5 - https:\/\/yoast.com\/product\/yoast-seo-wordpress\/ -->\n<title>Pol\u00edtica de cookies - Pirineos Exdim<\/title>\n<meta name=\"robots\" content=\"index, follow, max-snippet:-1, max-image-preview:large, max-video-preview:-1\" \/>\n<link rel=\"canonical\" href=\"https:\/\/pirineos-exdim.com\/?page_id=123\" \/>\n<meta property=\"og:locale\" content=\"es_ES\" \/>\n<meta property=\"og:type\" content=\"article\" \/>\n<meta property=\"og:title\" content=\"Pol\u00edtica de cookies - Pirineos Exdim\" \/>\n<meta property=\"og:description\" content=\"https:\/\/www.pirineos-exdim.com (en adelante la Web): Pirineos Exdim S.L. es la responsable de las cookies de la Web y del tratamiento de los datos obtenidos a trav\u00e9s de las mismas, decidiendo sobre la finalidad del tratamiento en relaci\u00f3n con la informaci\u00f3n recabada. En este sentido, el acceso, la navegaci\u00f3n y el uso de los servicios en [&hellip;]\" \/>\n<meta property=\"og:url\" content=\"https:\/\/pirineos-exdim.com\/?page_id=123\" \/>\n<meta property=\"og:site_name\" content=\"Pirineos Exdim\" \/>\n<meta property=\"article:modified_time\" content=\"2026-03-18T09:24:31+00:00\" \/>\n<meta name=\"twitter:card\" content=\"summary_large_image\" \/>\n<meta name=\"twitter:label1\" content=\"Tiempo de lectura\" \/>\n\t<meta name=\"twitter:data1\" content=\"2 minutos\" \/>\n<script type=\"application\/ld+json\" class=\"yoast-schema-graph\">{\"@context\":\"https:\\\/\\\/schema.org\",\"@graph\":[{\"@type\":\"WebPage\",\"@id\":\"https:\\\/\\\/pirineos-exdim.com\\\/?page_id=123\",\"url\":\"https:\\\/\\\/pirineos-exdim.com\\\/?page_id=123\",\"name\":\"Pol\u00edtica de cookies - Pirineos Exdim\",\"isPartOf\":{\"@id\":\"https:\\\/\\\/pirineos-exdim.com\\\/#website\"},\"datePublished\":\"2026-03-17T20:13:56+00:00\",\"dateModified\":\"2026-03-18T09:24:31+00:00\",\"breadcrumb\":{\"@id\":\"https:\\\/\\\/pirineos-exdim.com\\\/?page_id=123#breadcrumb\"},\"inLanguage\":\"es\",\"potentialAction\":[{\"@type\":\"ReadAction\",\"target\":[\"https:\\\/\\\/pirineos-exdim.com\\\/?page_id=123\"]}]},{\"@type\":\"BreadcrumbList\",\"@id\":\"https:\\\/\\\/pirineos-exdim.com\\\/?page_id=123#breadcrumb\",\"itemListElement\":[{\"@type\":\"ListItem\",\"position\":1,\"name\":\"Inicio\",\"item\":\"https:\\\/\\\/pirineos-exdim.com\\\/\"},{\"@type\":\"ListItem\",\"position\":2,\"name\":\"Pol\u00edtica de cookies\"}]},{\"@type\":\"WebSite\",\"@id\":\"https:\\\/\\\/pirineos-exdim.com\\\/#website\",\"url\":\"https:\\\/\\\/pirineos-exdim.com\\\/\",\"name\":\"Pirineos Exdim\",\"description\":\"\",\"publisher\":{\"@id\":\"https:\\\/\\\/pirineos-exdim.com\\\/#organization\"},\"potentialAction\":[{\"@type\":\"SearchAction\",\"target\":{\"@type\":\"EntryPoint\",\"urlTemplate\":\"https:\\\/\\\/pirineos-exdim.com\\\/?s={search_term_string}\"},\"query-input\":{\"@type\":\"PropertyValueSpecification\",\"valueRequired\":true,\"valueName\":\"search_term_string\"}}],\"inLanguage\":\"es\"},{\"@type\":\"Organization\",\"@id\":\"https:\\\/\\\/pirineos-exdim.com\\\/#organization\",\"name\":\"Pirineos Exdim\",\"url\":\"https:\\\/\\\/pirineos-exdim.com\\\/\",\"logo\":{\"@type\":\"ImageObject\",\"inLanguage\":\"es\",\"@id\":\"https:\\\/\\\/pirineos-exdim.com\\\/#\\\/schema\\\/logo\\\/image\\\/\",\"url\":\"https:\\\/\\\/pirineos-exdim.com\\\/wp-content\\\/uploads\\\/2026\\\/03\\\/logotipo-pirineos-exdim.png\",\"contentUrl\":\"https:\\\/\\\/pirineos-exdim.com\\\/wp-content\\\/uploads\\\/2026\\\/03\\\/logotipo-pirineos-exdim.png\",\"width\":221,\"height\":166,\"caption\":\"Pirineos Exdim\"},\"image\":{\"@id\":\"https:\\\/\\\/pirineos-exdim.com\\\/#\\\/schema\\\/logo\\\/image\\\/\"}}]}<\/script>\n<!-- \/ Yoast SEO plugin. -->","yoast_head_json":{"title":"Pol\u00edtica de cookies - Pirineos Exdim","robots":{"index":"index","follow":"follow","max-snippet":"max-snippet:-1","max-image-preview":"max-image-preview:large","max-video-preview":"max-video-preview:-1"},"canonical":"https:\/\/pirineos-exdim.com\/?page_id=123","og_locale":"es_ES","og_type":"article","og_title":"Pol\u00edtica de cookies - Pirineos Exdim","og_description":"https:\/\/www.pirineos-exdim.com (en adelante la Web): Pirineos Exdim S.L. es la responsable de las cookies de la Web y del tratamiento de los datos obtenidos a trav\u00e9s de las mismas, decidiendo sobre la finalidad del tratamiento en relaci\u00f3n con la informaci\u00f3n recabada. En este sentido, el acceso, la navegaci\u00f3n y el uso de los servicios en [&hellip;]","og_url":"https:\/\/pirineos-exdim.com\/?page_id=123","og_site_name":"Pirineos Exdim","article_modified_time":"2026-03-18T09:24:31+00:00","twitter_card":"summary_large_image","twitter_misc":{"Tiempo de lectura":"2 minutos"},"schema":{"@context":"https:\/\/schema.org","@graph":[{"@type":"WebPage","@id":"https:\/\/pirineos-exdim.com\/?page_id=123","url":"https:\/\/pirineos-exdim.com\/?page_id=123","name":"Pol\u00edtica de cookies - Pirineos Exdim","isPartOf":{"@id":"https:\/\/pirineos-exdim.com\/#website"},"datePublished":"2026-03-17T20:13:56+00:00","dateModified":"2026-03-18T09:24:31+00:00","breadcrumb":{"@id":"https:\/\/pirineos-exdim.com\/?page_id=123#breadcrumb"},"inLanguage":"es","potentialAction":[{"@type":"ReadAction","target":["https:\/\/pirineos-exdim.com\/?page_id=123"]}]},{"@type":"BreadcrumbList","@id":"https:\/\/pirineos-exdim.com\/?page_id=123#breadcrumb","itemListElement":[{"@type":"ListItem","position":1,"name":"Inicio","item":"https:\/\/pirineos-exdim.com\/"},{"@type":"ListItem","position":2,"name":"Pol\u00edtica de cookies"}]},{"@type":"WebSite","@id":"https:\/\/pirineos-exdim.com\/#website","url":"https:\/\/pirineos-exdim.com\/","name":"Pirineos Exdim","description":"","publisher":{"@id":"https:\/\/pirineos-exdim.com\/#organization"},"potentialAction":[{"@type":"SearchAction","target":{"@type":"EntryPoint","urlTemplate":"https:\/\/pirineos-exdim.com\/?s={search_term_string}"},"query-input":{"@type":"PropertyValueSpecification","valueRequired":true,"valueName":"search_term_string"}}],"inLanguage":"es"},{"@type":"Organization","@id":"https:\/\/pirineos-exdim.com\/#organization","name":"Pirineos Exdim","url":"https:\/\/pirineos-exdim.com\/","logo":{"@type":"ImageObject","inLanguage":"es","@id":"https:\/\/pirineos-exdim.com\/#\/schema\/logo\/image\/","url":"https:\/\/pirineos-exdim.com\/wp-content\/uploads\/2026\/03\/logotipo-pirineos-exdim.png","contentUrl":"https:\/\/pirineos-exdim.com\/wp-content\/uploads\/2026\/03\/logotipo-pirineos-exdim.png","width":221,"height":166,"caption":"Pirineos Exdim"},"image":{"@id":"https:\/\/pirineos-exdim.com\/#\/schema\/logo\/image\/"}}]}},"_links":{"self":[{"href":"https:\/\/pirineos-exdim.com\/index.php?rest_route=\/wp\/v2\/pages\/123","targetHints":{"allow":["GET"]}}],"collection":[{"href":"https:\/\/pirineos-exdim.com\/index.php?rest_route=\/wp\/v2\/pages"}],"about":[{"href":"https:\/\/pirineos-exdim.com\/index.php?rest_route=\/wp\/v2\/types\/page"}],"author":[{"embeddable":true,"href":"https:\/\/pirineos-exdim.com\/index.php?rest_route=\/wp\/v2\/users\/1"}],"replies":[{"embeddable":true,"href":"https:\/\/pirineos-exdim.com\/index.php?rest_route=%2Fwp%2Fv2%2Fcomments&post=123"}],"version-history":[{"count":7,"href":"https:\/\/pirineos-exdim.com\/index.php?rest_route=\/wp\/v2\/pages\/123\/revisions"}],"predecessor-version":[{"id":264,"href":"https:\/\/pirineos-exdim.com\/index.php?rest_route=\/wp\/v2\/pages\/123\/revisions\/264"}],"wp:attachment":[{"href":"https:\/\/pirineos-exdim.com\/index.php?rest_route=%2Fwp%2Fv2%2Fmedia&parent=123"}],"curies":[{"name":"wp","href":"https:\/\/api.w.org\/{rel}","templated":true}]}}