{"id":118,"date":"2026-03-17T21:13:25","date_gmt":"2026-03-17T20:13:25","guid":{"rendered":"https:\/\/pirineos-exdim.com\/?page_id=118"},"modified":"2026-03-18T10:26:12","modified_gmt":"2026-03-18T09:26:12","slug":"aviso-legal","status":"publish","type":"page","link":"https:\/\/pirineos-exdim.com\/?page_id=118","title":{"rendered":"Aviso legal"},"content":{"rendered":"\t\t<div data-elementor-type=\"wp-page\" data-elementor-id=\"118\" class=\"elementor elementor-118\" data-elementor-post-type=\"page\">\n\t\t\t\t<div class=\"elementor-element elementor-element-da38ade e-flex e-con-boxed e-con e-parent\" data-id=\"da38ade\" data-element_type=\"container\" data-e-type=\"container\" data-settings=\"{&quot;background_background&quot;:&quot;classic&quot;}\">\n\t\t\t\t\t<div class=\"e-con-inner\">\n\t\t<div class=\"elementor-element elementor-element-4924e762 e-con-full e-flex e-con e-child\" data-id=\"4924e762\" data-element_type=\"container\" data-e-type=\"container\" data-settings=\"{&quot;background_background&quot;:&quot;classic&quot;,&quot;position&quot;:&quot;absolute&quot;}\">\n\t\t\t\t<\/div>\n\t\t\t\t\t<\/div>\n\t\t\t\t<\/div>\n\t\t<div class=\"elementor-element elementor-element-35d2ff1a e-flex e-con-boxed e-con e-parent\" data-id=\"35d2ff1a\" data-element_type=\"container\" data-e-type=\"container\" data-settings=\"{&quot;background_background&quot;:&quot;classic&quot;}\">\n\t\t\t\t\t<div class=\"e-con-inner\">\n\t\t\t\t<div class=\"elementor-element elementor-element-9107854 elementor-align-center elementor-widget elementor-widget-breadcrumbs\" data-id=\"9107854\" data-element_type=\"widget\" data-e-type=\"widget\" data-widget_type=\"breadcrumbs.default\">\n\t\t\t\t\t<p id=\"breadcrumbs\"><span><span><a href=\"https:\/\/pirineos-exdim.com\/\">Inicio<\/a><\/span><\/span><\/p>\t\t\t\t<\/div>\n\t\t\t\t\t<\/div>\n\t\t\t\t<\/div>\n\t\t<div class=\"elementor-element elementor-element-5e1c9c12 e-flex e-con-boxed e-con e-parent\" data-id=\"5e1c9c12\" data-element_type=\"container\" data-e-type=\"container\">\n\t\t\t\t\t<div class=\"e-con-inner\">\n\t\t\t\t<div class=\"elementor-element elementor-element-4f843ad6 elementor-widget elementor-widget-text-editor\" data-id=\"4f843ad6\" data-element_type=\"widget\" data-e-type=\"widget\" data-widget_type=\"text-editor.default\">\n\t\t\t\t\t\t\t\t\t\n\t\t\t\t<p>\nEl acceso a la p\u00e1gina web de Pirineos Exdim S.L. (en adelante PIRINEOS EXDIM) y a sus contenidos es libre y voluntario. Los usuarios quedan sujetos a las siguientes condiciones relativas a los servicios y contenidos de la p\u00e1gina:\n<\/p>\n\n<p>\nResoluci\u00f3n de litigios en l\u00ednea conforme al Art. 14.1 del Reglamento (UE) 524\/2013 : La Comisi\u00f3n Europea facilita una plataforma de resoluci\u00f3n de litigios en l\u00ednea, la cual se encuentra disponible en el siguiente enlace:\n<a target=\"_blank\" href=\"http:\/\/ec.europa.eu\/consumers\/odr\/\">http:\/\/ec.europa.eu\/consumers\/odr\/<\/a>\n<\/p>\n\n<br><br>\n\n<h5>1.\tPROTECCI\u00d3N DE DATOS<\/h5>\n\n<p> En cumplimiento con la Ley Org\u00e1nica 15\/1999, de Protecci\u00f3n de Datos de Car\u00e1cter Personal, le informamos que los datos que Usted proporcione a trav\u00e9s de los formularios o correos electr\u00f3nicos de contacto de \u00e9sta p\u00e1gina Web ser\u00e1n objeto de tratamiento por parte de PIRINEOS EXDIM con el fin de atender su solicitud de informaci\u00f3n y consulta.<\/p>\n<p>Al remitirnos el formulario o correo electr\u00f3nico, usted manifiesta expresamente que los datos facilitados son verdaderos, exactos, completos y actualizados, as\u00ed como que consiente el tratamiento de los mismos para los fines informados. Sus datos personales ser\u00e1n conservados para los fines previstos durante el plazo necesario para atender la solicitud, garantiz\u00e1ndole un total respeto a la confidencialidad de los datos aportados y, en ning\u00fan caso, dichos datos ser\u00e1n cedidos a terceros.<\/p>\n<p>Protegemos la informaci\u00f3n confidencial facilitada por los usuarios v\u00eda correo electr\u00f3nico o a la direcci\u00f3n indicada en la p\u00e1gina web, e informamos que el usuario podr\u00e1 ejercitar los derechos de acceso, rectificaci\u00f3n, cancelaci\u00f3n u oposici\u00f3n remitiendo un escrito identificado con la referencia \u00abProtecci\u00f3n de Datos\u00bb, en el que se concrete su solicitud y al que acompa\u00f1e fotocopia de su Documento Nacional de Identidad, dirigido, a efectos de notificaci\u00f3n, a la siguiente direcci\u00f3n: Pirineos Exdim S.L., Calle a Poligono Industrial Comarca ii, 45, Galar, 31191 , Navarra . El afectado, tambi\u00e9n puede ejercitar sus derechos mediante la remisi\u00f3n de un correo electr\u00f3nico anexando el DNI escaneado a la siguiente direcci\u00f3n: pirineos@pirineos-exdim.com<\/p>\n\n<h5>2.\tCONDICIONES DE USO<\/h5>\n<p>Las condiciones de acceso y uso del presente sitio web se rigen por la legalidad vigente y por el principio de buena fe comprometi\u00e9ndose el usuario a realizar un buen uso de la web. No se permiten conductas que vayan contra la ley, los derechos o intereses de terceros.<\/p>\n<p>Ser usuario de la web implica que reconoce haber le\u00eddo y aceptado las presentes condiciones y lo que las extienda la normativa legal aplicable en esta materia. Si por el motivo que fuere no est\u00e1 de acuerdo con estas condiciones no contin\u00fae usando esta web.<\/p>\n\n<h5>3.\tRESPONSABILIDADES<\/h5>\n<p>PIRINEOS EXDIM no se hace responsable de la informaci\u00f3n y contenidos almacenados en foros, redes sociales o cualesquier otro medio que permita a terceros publicar contenidos de forma independiente en la p\u00e1gina web del prestador.<\/p>\n<p>Sin embargo, teniendo en cuenta los art. 11 y 16 de la LSSI-CE, PIRINEOS EXDIM se compromete a la retirada o en su caso bloqueo de aquellos contenidos que pudieran afectar o contravenir la legislaci\u00f3n nacional o internacional, derechos de terceros o la moral y el orden p\u00fablico.<\/p>\n<p>Tampoco la empresa se responsabilizar\u00e1 de los da\u00f1os y perjuicios que se produzcan por fallos o malas configuraciones del software instalado en el ordenador del internauta. Se excluye toda responsabilidad por alguna incidencia t\u00e9cnica o fallo que se produzca cuando el usuario se conecte a internet. Igualmente no se garantiza la inexistencia de interrupciones o errores en el acceso al sitio web.<\/p>\n<p>As\u00ed mismo, PIRINEOS EXDIM se reserva el derecho a actualizar, modificar o eliminar la informaci\u00f3n contenida en su p\u00e1gina web, as\u00ed como la configuraci\u00f3n o presentaci\u00f3n del mismo, en cualquier momento sin asumir alguna responsabilidad por ello.<\/p>\n<p>Le comunicamos que cualquier precio que pueda ver en nuestra web ser\u00e1 solamente orientativo. Si el usuario desea saber con exactitud el precio ha de solicitarlo.<\/p>\n\n<h5>4.\tPROPIEDAD INTELECTUAL E INDUSTRIAL<\/h5>\n<p>PIRINEOS EXDIM es titular de todos los derechos sobre el software de la publicaci\u00f3n digital as\u00ed como de los derechos de propiedad industrial e intelectual referidos a los contenidos que se incluyan, a excepci\u00f3n de los derechos sobre productos y servicios de car\u00e1cter p\u00fablico que no son propiedad de esta empresa.<\/p>\n<p>Ning\u00fan material publicado en esta web podr\u00e1 ser reproducido, copiado o publicado sin el consentimiento por escrito de PIRINEOS EXDIM. <\/p>\n<p>Toda la informaci\u00f3n que se reciba en la web, como comentarios, sugerencias o ideas, se considerar\u00e1 cedida a PIRINEOS EXDIM de manera gratuita. No debe enviarse informaci\u00f3n que NO pueda ser tratada de este modo.<\/p>\n<p>Todos los productos y servicios de estas p\u00e1ginas que NO son propiedad de PIRINEOS EXDIM son marcas registradas de sus respectivos propietarios y son reconocidas como tales por nuestra empresa. Solamente aparecen en nuestra web a efectos de promoci\u00f3n y de recopilaci\u00f3n de informaci\u00f3n. Estos propietarios pueden solicitar la modificaci\u00f3n o eliminaci\u00f3n de la informaci\u00f3n que les pertenece.<\/p>\n\n<h5>5.\tLEY APLICABLE Y JURISDICCI\u00d3N<\/h5>\n<p>Las presentes condiciones generales se rigen por la legislaci\u00f3n espa\u00f1ola. Para cualquier litigio que pudiera surgir relacionado con el sitio web o la actividad que en \u00e9l se desarrolla ser\u00e1n competentes Juzgados de Pamplona, renunciando expresamente el usuario a cualquier otro fuero que pudiera corresponderle.<\/p>\n\n\n\n\n\t\t\t\t\t\t\t\t\t\t\t<\/div>\n\t\t\t\t\t<\/div>\n\t\t\t\t<\/div>\n\t\t\t\t<\/div>\n\t\t","protected":false},"excerpt":{"rendered":"<p>El acceso a la p\u00e1gina web de Pirineos Exdim S.L. (en adelante PIRINEOS EXDIM) y a sus contenidos es libre y voluntario. Los usuarios quedan sujetos a las siguientes condiciones relativas a los servicios y contenidos de la p\u00e1gina: Resoluci\u00f3n de litigios en l\u00ednea conforme al Art. 14.1 del Reglamento (UE) 524\/2013 : La Comisi\u00f3n [&hellip;]<\/p>\n","protected":false},"author":1,"featured_media":0,"parent":0,"menu_order":0,"comment_status":"closed","ping_status":"closed","template":"","meta":{"footnotes":""},"class_list":["post-118","page","type-page","status-publish","hentry"],"yoast_head":"<!-- This site is optimized with the Yoast SEO plugin v27.5 - https:\/\/yoast.com\/product\/yoast-seo-wordpress\/ -->\n<title>Aviso legal - Pirineos Exdim<\/title>\n<meta name=\"robots\" content=\"index, follow, max-snippet:-1, max-image-preview:large, max-video-preview:-1\" \/>\n<link rel=\"canonical\" href=\"https:\/\/pirineos-exdim.com\/?page_id=118\" \/>\n<meta property=\"og:locale\" content=\"es_ES\" \/>\n<meta property=\"og:type\" content=\"article\" \/>\n<meta property=\"og:title\" content=\"Aviso legal - Pirineos Exdim\" \/>\n<meta property=\"og:description\" content=\"El acceso a la p\u00e1gina web de Pirineos Exdim S.L. (en adelante PIRINEOS EXDIM) y a sus contenidos es libre y voluntario. Los usuarios quedan sujetos a las siguientes condiciones relativas a los servicios y contenidos de la p\u00e1gina: Resoluci\u00f3n de litigios en l\u00ednea conforme al Art. 14.1 del Reglamento (UE) 524\/2013 : La Comisi\u00f3n [&hellip;]\" \/>\n<meta property=\"og:url\" content=\"https:\/\/pirineos-exdim.com\/?page_id=118\" \/>\n<meta property=\"og:site_name\" content=\"Pirineos Exdim\" \/>\n<meta property=\"article:modified_time\" content=\"2026-03-18T09:26:12+00:00\" \/>\n<meta name=\"twitter:card\" content=\"summary_large_image\" \/>\n<meta name=\"twitter:label1\" content=\"Tiempo de lectura\" \/>\n\t<meta name=\"twitter:data1\" content=\"4 minutos\" \/>\n<script type=\"application\/ld+json\" class=\"yoast-schema-graph\">{\"@context\":\"https:\\\/\\\/schema.org\",\"@graph\":[{\"@type\":\"WebPage\",\"@id\":\"https:\\\/\\\/pirineos-exdim.com\\\/?page_id=118\",\"url\":\"https:\\\/\\\/pirineos-exdim.com\\\/?page_id=118\",\"name\":\"Aviso legal - Pirineos Exdim\",\"isPartOf\":{\"@id\":\"https:\\\/\\\/pirineos-exdim.com\\\/#website\"},\"datePublished\":\"2026-03-17T20:13:25+00:00\",\"dateModified\":\"2026-03-18T09:26:12+00:00\",\"breadcrumb\":{\"@id\":\"https:\\\/\\\/pirineos-exdim.com\\\/?page_id=118#breadcrumb\"},\"inLanguage\":\"es\",\"potentialAction\":[{\"@type\":\"ReadAction\",\"target\":[\"https:\\\/\\\/pirineos-exdim.com\\\/?page_id=118\"]}]},{\"@type\":\"BreadcrumbList\",\"@id\":\"https:\\\/\\\/pirineos-exdim.com\\\/?page_id=118#breadcrumb\",\"itemListElement\":[{\"@type\":\"ListItem\",\"position\":1,\"name\":\"Inicio\",\"item\":\"https:\\\/\\\/pirineos-exdim.com\\\/\"},{\"@type\":\"ListItem\",\"position\":2,\"name\":\"Aviso legal\"}]},{\"@type\":\"WebSite\",\"@id\":\"https:\\\/\\\/pirineos-exdim.com\\\/#website\",\"url\":\"https:\\\/\\\/pirineos-exdim.com\\\/\",\"name\":\"Pirineos Exdim\",\"description\":\"\",\"publisher\":{\"@id\":\"https:\\\/\\\/pirineos-exdim.com\\\/#organization\"},\"potentialAction\":[{\"@type\":\"SearchAction\",\"target\":{\"@type\":\"EntryPoint\",\"urlTemplate\":\"https:\\\/\\\/pirineos-exdim.com\\\/?s={search_term_string}\"},\"query-input\":{\"@type\":\"PropertyValueSpecification\",\"valueRequired\":true,\"valueName\":\"search_term_string\"}}],\"inLanguage\":\"es\"},{\"@type\":\"Organization\",\"@id\":\"https:\\\/\\\/pirineos-exdim.com\\\/#organization\",\"name\":\"Pirineos Exdim\",\"url\":\"https:\\\/\\\/pirineos-exdim.com\\\/\",\"logo\":{\"@type\":\"ImageObject\",\"inLanguage\":\"es\",\"@id\":\"https:\\\/\\\/pirineos-exdim.com\\\/#\\\/schema\\\/logo\\\/image\\\/\",\"url\":\"https:\\\/\\\/pirineos-exdim.com\\\/wp-content\\\/uploads\\\/2026\\\/03\\\/logotipo-pirineos-exdim.png\",\"contentUrl\":\"https:\\\/\\\/pirineos-exdim.com\\\/wp-content\\\/uploads\\\/2026\\\/03\\\/logotipo-pirineos-exdim.png\",\"width\":221,\"height\":166,\"caption\":\"Pirineos Exdim\"},\"image\":{\"@id\":\"https:\\\/\\\/pirineos-exdim.com\\\/#\\\/schema\\\/logo\\\/image\\\/\"}}]}<\/script>\n<!-- \/ Yoast SEO plugin. -->","yoast_head_json":{"title":"Aviso legal - Pirineos Exdim","robots":{"index":"index","follow":"follow","max-snippet":"max-snippet:-1","max-image-preview":"max-image-preview:large","max-video-preview":"max-video-preview:-1"},"canonical":"https:\/\/pirineos-exdim.com\/?page_id=118","og_locale":"es_ES","og_type":"article","og_title":"Aviso legal - Pirineos Exdim","og_description":"El acceso a la p\u00e1gina web de Pirineos Exdim S.L. (en adelante PIRINEOS EXDIM) y a sus contenidos es libre y voluntario. Los usuarios quedan sujetos a las siguientes condiciones relativas a los servicios y contenidos de la p\u00e1gina: Resoluci\u00f3n de litigios en l\u00ednea conforme al Art. 14.1 del Reglamento (UE) 524\/2013 : La Comisi\u00f3n [&hellip;]","og_url":"https:\/\/pirineos-exdim.com\/?page_id=118","og_site_name":"Pirineos Exdim","article_modified_time":"2026-03-18T09:26:12+00:00","twitter_card":"summary_large_image","twitter_misc":{"Tiempo de lectura":"4 minutos"},"schema":{"@context":"https:\/\/schema.org","@graph":[{"@type":"WebPage","@id":"https:\/\/pirineos-exdim.com\/?page_id=118","url":"https:\/\/pirineos-exdim.com\/?page_id=118","name":"Aviso legal - Pirineos Exdim","isPartOf":{"@id":"https:\/\/pirineos-exdim.com\/#website"},"datePublished":"2026-03-17T20:13:25+00:00","dateModified":"2026-03-18T09:26:12+00:00","breadcrumb":{"@id":"https:\/\/pirineos-exdim.com\/?page_id=118#breadcrumb"},"inLanguage":"es","potentialAction":[{"@type":"ReadAction","target":["https:\/\/pirineos-exdim.com\/?page_id=118"]}]},{"@type":"BreadcrumbList","@id":"https:\/\/pirineos-exdim.com\/?page_id=118#breadcrumb","itemListElement":[{"@type":"ListItem","position":1,"name":"Inicio","item":"https:\/\/pirineos-exdim.com\/"},{"@type":"ListItem","position":2,"name":"Aviso legal"}]},{"@type":"WebSite","@id":"https:\/\/pirineos-exdim.com\/#website","url":"https:\/\/pirineos-exdim.com\/","name":"Pirineos Exdim","description":"","publisher":{"@id":"https:\/\/pirineos-exdim.com\/#organization"},"potentialAction":[{"@type":"SearchAction","target":{"@type":"EntryPoint","urlTemplate":"https:\/\/pirineos-exdim.com\/?s={search_term_string}"},"query-input":{"@type":"PropertyValueSpecification","valueRequired":true,"valueName":"search_term_string"}}],"inLanguage":"es"},{"@type":"Organization","@id":"https:\/\/pirineos-exdim.com\/#organization","name":"Pirineos Exdim","url":"https:\/\/pirineos-exdim.com\/","logo":{"@type":"ImageObject","inLanguage":"es","@id":"https:\/\/pirineos-exdim.com\/#\/schema\/logo\/image\/","url":"https:\/\/pirineos-exdim.com\/wp-content\/uploads\/2026\/03\/logotipo-pirineos-exdim.png","contentUrl":"https:\/\/pirineos-exdim.com\/wp-content\/uploads\/2026\/03\/logotipo-pirineos-exdim.png","width":221,"height":166,"caption":"Pirineos Exdim"},"image":{"@id":"https:\/\/pirineos-exdim.com\/#\/schema\/logo\/image\/"}}]}},"_links":{"self":[{"href":"https:\/\/pirineos-exdim.com\/index.php?rest_route=\/wp\/v2\/pages\/118","targetHints":{"allow":["GET"]}}],"collection":[{"href":"https:\/\/pirineos-exdim.com\/index.php?rest_route=\/wp\/v2\/pages"}],"about":[{"href":"https:\/\/pirineos-exdim.com\/index.php?rest_route=\/wp\/v2\/types\/page"}],"author":[{"embeddable":true,"href":"https:\/\/pirineos-exdim.com\/index.php?rest_route=\/wp\/v2\/users\/1"}],"replies":[{"embeddable":true,"href":"https:\/\/pirineos-exdim.com\/index.php?rest_route=%2Fwp%2Fv2%2Fcomments&post=118"}],"version-history":[{"count":10,"href":"https:\/\/pirineos-exdim.com\/index.php?rest_route=\/wp\/v2\/pages\/118\/revisions"}],"predecessor-version":[{"id":271,"href":"https:\/\/pirineos-exdim.com\/index.php?rest_route=\/wp\/v2\/pages\/118\/revisions\/271"}],"wp:attachment":[{"href":"https:\/\/pirineos-exdim.com\/index.php?rest_route=%2Fwp%2Fv2%2Fmedia&parent=118"}],"curies":[{"name":"wp","href":"https:\/\/api.w.org\/{rel}","templated":true}]}}